{"id":9,"date":"2023-03-13T13:23:35","date_gmt":"2023-03-13T12:23:35","guid":{"rendered":"http:\/\/hyg.de\/?page_id=9"},"modified":"2026-04-07T11:34:18","modified_gmt":"2026-04-07T09:34:18","slug":"impressum","status":"publish","type":"page","link":"https:\/\/hyg.de\/en\/impressum\/","title":{"rendered":"Imprint"},"content":{"rendered":"<p>Hygiene-Institut des Ruhrgebiets<br \/>\nInstitute for Environmental Hygiene and Toxicology<br \/>\nRotthauser Str. 21<br \/>\n45879 Gelsenkirchen<br \/>\nTelefon: 0209 9242-0<br \/>\nTelefax: 0209 9242-105<br \/>\nE-Mail: info@hyg.de<\/p>\n<p><strong>Tr\u00e4ger des Instituts<\/strong><br \/>\nVerein des Hygiene-Instituts des Ruhrgebiets e.V., Gelsenkirchen<\/p>\n<p><strong>Vorstand<\/strong><br \/>\nProf. Dr. Frank Obenaus (Vorsitzender)<br \/>\nAndrea Henze, Prof. Dr. J\u00fcrgen Kretschmann, Joachim L\u00f6chte, Dr. Dirk Waider, Dr. Thomas-Benjamin Seiler (gesch\u00e4ftsf. Vorstand)<\/p>\n<p><strong>Vereinsregister<\/strong><br \/>\nVR 519 (VR 21) Amtsgericht Gelsenkirchen<\/p>\n<p><strong>Umsatzsteuer-ID<\/strong><br \/>\nDE125018356<\/p>\n<p>Das Institut ist anerkannt als Institut an der Ruhr-Universit\u00e4t Bochum<\/p>\n<p><strong>Verantwortlich f\u00fcr den Inhalt<\/strong><br \/>\nDr. Thomas-Benjamin Seiler<br \/>\nRotthauser Str. 21<br \/>\n45879 Gelsenkirchen<\/p>\n<p><strong>Datenschutzbeauftragter<\/strong><br \/>\nVerein des Hygiene-Instituts des Ruhrgebiets e.V.<br \/>\n&#8211; Der Datenschutzbeauftragte &#8211;<br \/>\nRotthauser Str. 21<br \/>\n45879 Gelsenkirchen<\/p>\n<p><strong>Realisation<\/strong><br \/>\nRRsteps Agentur f\u00fcr angewandte Mediengestaltung<\/p>\n<p><strong>Bilderquellen<\/strong><br \/>\nHygiene-Institut des Ruhrgebiets<\/p>\n<p><strong>Urheberrecht<\/strong><br \/>\nDie durch die Seitenbetreiber erstellten Inhalte und Werke auf diesen Seiten unterliegen dem deutschen Urheberrecht. Die Vervielf\u00e4ltigung, Bearbeitung, Verbreitung und jede Art der Verwertung au\u00dferhalb der Grenzen des Urheberrechtes bed\u00fcrfen der schriftlichen Zustimmung des jeweiligen Autors bzw. Erstellers. Downloads und Kopien dieser Seite sind nur f\u00fcr den privaten, nicht kommerziellen Gebrauch gestattet. Soweit die Inhalte auf dieser Seite nicht vom Betreiber erstellt wurden, werden die Urheberrechte Dritter beachtet. Insbesondere werden Inhalte Dritter als solche gekennzeichnet. Sollten Sie trotzdem auf eine Urheberrechtsverletzung aufmerksam werden, bitten wir um einen entsprechenden Hinweis. Bei Bekanntwerden von Rechtsverletzungen werden wir derartige Inhalte umgehend entfernen.<\/p>\n<p><strong>Hinweis gem\u00e4\u00df \u00a7 36 Verbraucherstreitbeilegungsgesetz<\/strong><\/p>\n<p>Wir sind weder bereit noch verpflichtet, an Streitbeilegungsverfahren vor einer Verbraucherschlichtungsstelle teilzunehmen. Sie k\u00f6nnen gerne unter info@hyg.de Kontakt zu uns aufnehmen.<\/p>","protected":false},"excerpt":{"rendered":"<p>Hygiene-Institut des Ruhrgebiets Institut f\u00fcr Umwelthygiene und Toxikologie Rotthauser Str. 21 45879 Gelsenkirchen Telefon: 0209 9242-0 Telefax: 0209 9242-105 E-Mail: info@hyg.de Tr\u00e4ger des Instituts Verein des Hygiene-Instituts des Ruhrgebiets e.V., Gelsenkirchen Vorstand Prof. Dr. Frank Obenaus (Vorsitzender) Andrea Henze, Prof. Dr. J\u00fcrgen Kretschmann, Joachim L\u00f6chte, Dr. Dirk Waider, Dr. Thomas-Benjamin Seiler (gesch\u00e4ftsf. Vorstand) Vereinsregister VR &#8230; <a title=\"Imprint\" class=\"read-more\" href=\"https:\/\/hyg.de\/en\/impressum\/\" aria-label=\"Read more about Impressum\">Read more<\/a><\/p>","protected":false},"author":1,"featured_media":0,"parent":0,"menu_order":0,"comment_status":"closed","ping_status":"closed","template":"","meta":{"footnotes":""},"class_list":["post-9","page","type-page","status-publish"],"_links":{"self":[{"href":"https:\/\/hyg.de\/en\/wp-json\/wp\/v2\/pages\/9","targetHints":{"allow":["GET"]}}],"collection":[{"href":"https:\/\/hyg.de\/en\/wp-json\/wp\/v2\/pages"}],"about":[{"href":"https:\/\/hyg.de\/en\/wp-json\/wp\/v2\/types\/page"}],"author":[{"embeddable":true,"href":"https:\/\/hyg.de\/en\/wp-json\/wp\/v2\/users\/1"}],"replies":[{"embeddable":true,"href":"https:\/\/hyg.de\/en\/wp-json\/wp\/v2\/comments?post=9"}],"version-history":[{"count":3,"href":"https:\/\/hyg.de\/en\/wp-json\/wp\/v2\/pages\/9\/revisions"}],"predecessor-version":[{"id":9734,"href":"https:\/\/hyg.de\/en\/wp-json\/wp\/v2\/pages\/9\/revisions\/9734"}],"wp:attachment":[{"href":"https:\/\/hyg.de\/en\/wp-json\/wp\/v2\/media?parent=9"}],"curies":[{"name":"wp","href":"https:\/\/api.w.org\/{rel}","templated":true}]}}