{"id":7566,"date":"2025-07-31T10:52:03","date_gmt":"2025-07-31T08:52:03","guid":{"rendered":"http:\/\/hyg.de\/?page_id=7566"},"modified":"2026-03-17T09:03:35","modified_gmt":"2026-03-17T08:03:35","slug":"kundendatenschutz","status":"publish","type":"page","link":"https:\/\/hyg.de\/en\/kundendatenschutz\/","title":{"rendered":"Privacy Policy for Business Partners and Clients"},"content":{"rendered":"<div class=\"entry-content\">\n<p>Um unsere Informationspflichten nach den Art. 12 ff. der Datenschutz-Grundverordnung (DSGVO) zu erf\u00fcllen, stellen wir Ihnen nachfolgend gerne unsere Informationen zum Datenschutz dar:<\/p>\n<p><strong>Wer ist f\u00fcr die Datenverarbeitung verantwortlich?<\/strong><\/p>\n<p>Hygiene-Institut des Ruhrgebiets<br \/>\nInstitute for Environmental Hygiene and Toxicology<br \/>\nRotthauser Str. 21<br \/>\n45879 Gelsenkirchen<br \/>\nTelefon: 0209 9242-0<br \/>\nTelefax: 0209 9242-105<br \/>\nE-Mail: datenschutz(at)hyg.de<\/p>\n<p><strong>Tr\u00e4ger des Instituts<\/strong><br \/>\nVerein zur Bek\u00e4mpfung der Volkskrankheiten im Ruhrkohlengebiet e.V., Gelsenkirchen<br \/>\nSie finden weitere Informationen zu unserem Unternehmen, Angaben zu den vertretungsberechtigten Personen und auch weitere Kontaktm\u00f6glichkeiten im Impressum unserer Internetseite: https:\/\/www.hyg.de\/kontakt\/impressum.php<\/p>\n<p><strong>Unser Datenschutzbeauftragter<\/strong><\/p>\n<p>Wir haben einen Datenschutzbeauftragten benannt. Sie erreichen diesen unter folgenden Kontaktm\u00f6glichkeiten:<\/p>\n<p>Verein des Hygiene-Instituts des Ruhrgebiets e.V.<br \/>\n\u2013 Der Datenschutzbeauftragte \u2013<br \/>\nRotthauser Str. 21<br \/>\n45879 Gelsenkirchen<br \/>\ndatenschutzbeauftragter@hyg.de<\/p>\n<p><strong>Welche Ihrer Daten werden von uns verarbeitet? Und zu welchen Zwecken?<\/strong><\/p>\n<p>Wir verarbeiten u.a.:<\/p>\n<p>\u2013 Bestandsdaten (z.B., Namen, Adressen).<br \/>\n\u2013 Kontaktdaten (z.B., E-Mail-Adressen, Telefonnummern).<br \/>\n\u2013 Vertragsdaten (z.B., Vertragsgegenstand, Laufzeit, Kundenkategorie).<br \/>\n\u2013 Zahlungsdaten (z.B., Bankverbindung, Zahlungshistorie)<\/p>\n<p>von unseren Kunden, Interessenten und Gesch\u00e4ftspartner zwecks Erbringung vertraglicher Leistungen, Service und Kundenpflege, Marktforschung.<\/p>\n<p>Wenn wir Daten von Ihnen erhalten haben, dann werden wir diese grunds\u00e4tzlich nur f\u00fcr die Zwecke verarbeiten, f\u00fcr die wir sie erhalten oder erhoben haben. Eine Datenverarbeitung zu anderen Zwecken kommt nur dann in Betracht, wenn die insoweit erforderlichen rechtlichen Vorgaben gem\u00e4\u00df Art. 6 Abs. 4 DSGVO vorliegen. Etwaige Informationspflichten nach Art. 13 Abs. 3 DSGVO und Art. 14 Abs. 4 DSGVO werden wir in dem Fall selbstverst\u00e4ndlich beachten.<\/p>\n<p>Besondere Kategorien personenbezogener Daten im Sinne des Art. 9 Abs. 1 DSGVO verarbeiten wir grunds\u00e4tzlich nicht, au\u00dfer wenn diese Bestandteile einer beauftragten oder vertragsgem\u00e4\u00dfen Verarbeitung sind.<br \/>\nBitte sehen Sie jedoch davon ab, im Zusammenhang einer Beauftragung von Untersuchungen Angaben zu Ihrem Gesundheitszustand oder einer anderen Person zu machen oder uns sonst Gesundheitsdaten im Sinne von Art. 4 Nr. 15 DSGVO zu \u00fcbermitteln. F\u00fcr die Durchf\u00fchrung einer Untersuchung ist f\u00fcr uns nicht relevant zu wissen, aus welchen pers\u00f6nlichen Gr\u00fcnden die Untersuchung beauftragt wird. Sollten Sie uns Gesundheitsdaten \u00fcbermitteln, m\u00fcssen wir die weitere Auftragsausf\u00fchrung leider davon abh\u00e4ngig machen, dass Sie in die Verarbeitung dieser Daten ausdr\u00fccklich einwilligen.<\/p>\n<p>Wir verarbeiten Daten, die zur Begr\u00fcndung und Erf\u00fcllung der vertraglichen Leistungen erforderlich sind und weisen auf die Erforderlichkeit ihrer Angabe, sofern diese f\u00fcr die Vertragspartner nicht evident ist, hin. Eine Offenlegung an externe Personen oder Unternehmen erfolgt nur, wenn sie im Rahmen eines Vertrags erforderlich ist. Bei der Verarbeitung der uns im Rahmen eines Auftrags \u00fcberlassenen Daten, handeln wir entsprechend den Weisungen der Auftraggeber sowie der gesetzlichen Vorgaben.<\/p>\n<p>Im Rahmen der Inanspruchnahme unserer Onlinedienste k\u00f6nnen wir die IP-Adresse und den Zeitpunkt der jeweiligen Nutzerhandlung speichern. Die Speicherung erfolgt auf Grundlage unserer berechtigten Interessen, als auch der Interessen der Nutzer am Schutz vor Missbrauch und sonstiger unbefugter Nutzung. Eine Weitergabe dieser Daten an Dritte erfolgt grunds\u00e4tzlich nicht, au\u00dfer sie ist zur Verfolgung unserer Anspr\u00fcche gem. Art. 6 Abs. 1 lit. f. DSGVO erforderlich oder es besteht hierzu eine gesetzliche Verpflichtung gem. Art. 6 Abs. 1 lit. c. DSGVO. Bitte sehen Sie hierzu unsere Datenschutzhinweise f\u00fcr unsere Onlineangebote (https:\/\/www.hyg.de\/kontakt\/datenschutzerklaerun.php).<\/p>\n<p>Die L\u00f6schung der Daten erfolgt, wenn die Daten zur Erf\u00fcllung vertraglicher oder gesetzlicher F\u00fcrsorgepflichten sowie f\u00fcr den Umgang mit etwaigen Gew\u00e4hrleistungs- und vergleichbaren Pflichten nicht mehr erforderlich sind, wobei die Erforderlichkeit der Aufbewahrung der Daten alle drei Jahre \u00fcberpr\u00fcft wird; im \u00dcbrigen gelten die gesetzlichen Aufbewahrungspflichten.<\/p>\n<p><strong>Administration, Finanzbuchhaltung, B\u00fcroorganisation, Kontaktverwaltung<\/strong><\/p>\n<p>Wir verarbeiten Daten im Rahmen von Verwaltungsaufgaben sowie Organisation unseres Betriebs, Finanzbuchhaltung und Befolgung der gesetzlichen Pflichten, wie z.B. der Archivierung. Hierbei verarbeiten wir dieselben Daten, die wir im Rahmen der Erbringung unserer vertraglichen Leistungen verarbeiten. Die Verarbeitungsgrundlagen sind Art. 6 Abs. 1 lit. c) DSGVO, Art. 6 Abs. 1 lit. f) DSGVO. Von der Verarbeitung sind Kunden, Interessenten, Gesch\u00e4ftspartner und Websitebesucher betroffen. Der Zweck und unser Interesse an der Verarbeitung liegt in der Administration, Finanzbuchhaltung, B\u00fcroorganisation, Archivierung von Daten, also Aufgaben die der Aufrechterhaltung unserer Gesch\u00e4ftst\u00e4tigkeiten, Wahrnehmung unserer Aufgaben und Erbringung unserer Leistungen dienen. Die L\u00f6schung der Daten im Hinblick auf vertragliche Leistungen und die vertragliche Kommunikation entspricht den bei diesen Verarbeitungst\u00e4tigkeiten genannten Angaben.<\/p>\n<p>Ferner speichern wir auf Grundlage unserer betriebswirtschaftlichen Interessen Angaben zu Lieferanten, Veranstaltern und sonstigen Gesch\u00e4ftspartnern, z.B. zwecks sp\u00e4terer Kontaktaufnahme. Diese mehrheitlich unternehmensbezogenen Daten, speichern wir grunds\u00e4tzlich dauerhaft.<br \/>\n<strong><br \/>\nVideokonferenzen<\/strong><\/p>\n<p>Wir verwenden die Software MS Teams (\u201eTeams\u201c) um Besprechungen als Videokonferenzen durchzuf\u00fchren. Teams ist in ein Angebot der Microsoft Ireland Operations Limited, One Microsoft Place, South County Business Park, Leopardstown, Dublin 18D18 P521, Ireland.<\/p>\n<p>Dabei verarbeiten wir folgende Daten:<\/p>\n<p>Kommunikationsdaten: z.B. Name, E-Mail-Adresse, Telefonnummer<br \/>\nProfildaten: z.B. Nutzername, Profilbild, Organisation<br \/>\nMetadaten: z.B. Thema der Besprechung, Datum\/Uhrzeit von Besprechungen und Eintr\u00e4gen im Besprechungs-Chat, Dauer, Teilnehmerliste<br \/>\nLog- und Protokolldaten: IP-Adresse, Ger\u00e4teinformationen, Login-Zeitpunkt, Fehlerprotokolle<br \/>\nStandortdaten: Region oder Land des Zugriffs (z.B. zur Zeitzonenanpassung)<br \/>\nInhaltsdaten: Audio und Video, geteilte Dokumente, Bildschirmfreigaben, Reaktionen&gt;<\/p>\n<p>Die Verarbeitung erfolgt zur Erf\u00fcllung eines Vertrags oder zur Durchf\u00fchrung vorvertraglicher Ma\u00dfnahmen mit Ihnen gem\u00e4\u00df Art. 6 Abs. 1 lit. b DSGVO und im \u00dcbrigen aufgrund unseres berechtigten Interesses gem\u00e4\u00df Art. 6 Abs. 1 lit. f DSGVO an einer sicheren und effizienten gesch\u00e4ftlichen Kommunikation und Zusammenarbeit.<\/p>\n<p>Wir habe mit Microsoft einen Auftragsverarbeitungsvertrag nach Art. 28 DSGVO geschlossen (<a href=\"https:\/\/www.microsoft.com\/licensing\/docs\/view\/Microsoft-Products-and-Services-Data-Protection-Addendum-DPA\">https:\/\/www.microsoft.com\/licensing\/docs\/view\/Microsoft-Products-and-Services-Data-Protection-Addendum-DPA<\/a>). Obwohl Ihre Daten durch Microsoft in der EU gespeichert werden, kann dabei ein Zugriff durch die Microsoft Corporation und ihre Subunternehmer aus den USA nicht vollst\u00e4ndig ausgeschlossen werden. F\u00fcr diesen Fall hat Microsoft Ireland Operations Limited mit der Microsoft Corporation sog. Standardvertragsklauseln abgeschlossen und zus\u00e4tzliche Ma\u00dfnahmen ergriffen, um eine angemessenes Datenschutzniveau zu gew\u00e4hrleisten.<\/p>\n<p>\u00dcber die Datenerfassung in Microsoft Teams durch Microsoft informiert Microsoft unter:\u00a0<a href=\"https:\/\/www.microsoft.com\/de-de\/privacy\/data-collection-teams\">https:\/\/www.microsoft.com\/de-de\/privacy\/data-collection-teams<\/a>.<\/p>\n<p><strong>Umfragen zum Qualit\u00e4tsmanagement<\/strong><\/p>\n<p>Sofern wir Umfragen durchf\u00fchren, um R\u00fcckmeldungen bzw. Beschwerden unserer Kunden zu unseren Dienstleistungen zu erhalten, die wir beispielsweise in Managementbewertungen nach DIN EN ISO\/IEC DIN EN ISO\/IEC 17025 verwerten, verarbeiten wir ggf. Ihren Namen, Ihre Telefonnummer und Ihre E-Mail-Adresse. Grunds\u00e4tzlich besteht auch die M\u00f6glichkeit, anonym R\u00fcckmeldung zu erstatten.<\/p>\n<p>Zur Durchf\u00fchrung der Umfragen setzen wir den Dienst LamaPoll des Anbieters Lamano GmbH &amp; Co. KG, Frankfurter Allee 69, 10247 Berlin, ein und nutzen dessen Online-Plattform. Beim Aufrufen der Online-Plattform werden bei jedem Zugriff auf den Server, auf dem sich dieser Dienst befindet (sogenannte Serverlogfiles) erhoben. Zu den Zugriffsdaten geh\u00f6ren Name der abgerufenen Webseite, Datei, Datum und Uhrzeit des Abrufs, \u00fcbertragene Datenmenge, Meldung \u00fcber erfolgreichen Abruf, Browsertyp nebst Version, das Betriebssystem des Nutzers, Referrer URL (die zuvor besuchte Seite), IP-Adresse und der anfragende Provider. Diese Daten werden ausschlie\u00dflich erhoben, um den Dienst sicher und effektiv zu erbringen und gel\u00f6scht sobald sie f\u00fcr diesen Zweck nicht mehr erforderlich sind. F\u00fcr Zwecke der Auswertung der Umfragen werden diese Daten nicht verarbeitet.<\/p>\n<p>Rechtsgrundlage f\u00fcr diese Verarbeitung ist unser berechtigtes Interesse, im Rahmen der Qualit\u00e4tssicherung auch Kundenfeedback einzufordern und zu ber\u00fccksichtigten (Art. 6 Abs. 1 lit. f) DSGVO).<\/p>\n<p>Wir haben mit dem Anbieter einen Auftragsverarbeitungsvertrag nach Art. 28 DSGVO geschlossen.<\/p>\n<p><strong>Betriebswirtschaftliche Analysen und Marktforschung<\/strong><\/p>\n<p>Um unser Gesch\u00e4ft wirtschaftlich betreiben, zu k\u00f6nnen, analysieren wir die uns vorliegenden Daten zu Gesch\u00e4ftsvorg\u00e4ngen, Vertr\u00e4gen, Anfragen, etc. Wir verarbeiten dabei Bestandsdaten, Kommunikationsdaten, Vertragsdaten, Zahlungsdaten, auf Grundlage des Art. 6 Abs. 1 lit. f. DSGVO, wobei zu den betroffenen Personen Vertragspartner und Kunden geh\u00f6ren.<\/p>\n<p>Die Analysen erfolgen zum Zweck betriebswirtschaftlicher Auswertungen, des Marketings und der Marktforschung. Dabei k\u00f6nnen wir die Profile der Vertragspartner und Kunden mit Angaben, z.B. zu deren in Anspruch genommenen Leistungen, ber\u00fccksichtigen. Die Analysen dienen uns zur Steigerung der Nutzerfreundlichkeit, der Optimierung unseres Angebotes und der Betriebswirtschaftlichkeit. Die Analysen dienen alleine uns und werden nicht extern offenbart, sofern es sich nicht um anonyme Analysen mit zusammengefassten Werten handelt.<\/p>\n<p>Sofern diese Analysen oder Profile personenbezogen sind, werden sie gem\u00e4\u00df der gesetzlichen Vorgaben anonymisiert oder gel\u00f6scht. Im \u00dcbrigen werden die gesamtbetriebswirtschaftlichen Analysen und allgemeine Tendenzbestimmungen nach M\u00f6glichkeit anonym erstellt.<br \/>\n<strong><br \/>\nAuf welcher rechtlichen Grundlage basiert das?<\/strong><\/p>\n<p>Rechtsgrundlage f\u00fcr die Verarbeitung von personenbezogenen Daten ist grunds\u00e4tzlich \u2013 soweit nicht spezifischere Rechtsvorschriften greifen \u2013 Art. 6 DSGVO. Hier kommen insbesondere folgende M\u00f6glichkeiten in Betracht:<\/p>\n<p>\u2022 Einwilligung (Art. 6 Abs. 1 lit. a) DSGVO) und Art. 9 Abs. 2 lit. a) DSGVO, sofern Sie uns (unaufgefordert) Gesundheitsdaten \u00fcbermitteln<br \/>\n\u2022 Datenverarbeitung zur Erf\u00fcllung von Vertr\u00e4gen (Art. 6 Abs. 1 lit. b) DSGVO<br \/>\n\u2022 Datenverarbeitung auf Basis einer Interessenabw\u00e4gung (Art. 6 Abs. 1 lit. f) DSGVO)<br \/>\n\u2022 Datenverarbeitung zur Erf\u00fcllung einer rechtlichen Verpflichtung (Art. 6 Abs. 1 lit. c) DSGVO)<\/p>\n<p>Wenn personenbezogene Daten auf Grundlage einer Einwilligung von Ihnen verarbeitet werden, haben Sie das Recht, die Einwilligung jederzeit mit Wirkung f\u00fcr die Zukunft uns gegen\u00fcber zu widerrufen.<\/p>\n<p><strong><em>Wenn wir Daten auf Basis einer Interessenabw\u00e4gung verarbeiten, haben Sie als Betroffene\/r das Recht, unter Ber\u00fccksichtigung der Vorgaben von Art. 21 DSGVO der Verarbeitung der personenbezogenen Daten zu widersprechen.<\/em><\/strong><br \/>\n<strong><br \/>\nWie lange werden die Daten gespeichert?<br \/>\n<\/strong><br \/>\nWir verarbeiten die Daten, solange dies f\u00fcr den jeweiligen Zweck erforderlich ist.<\/p>\n<p>Soweit gesetzliche Aufbewahrungspflichten bestehen \u2013 z.B. im Handelsrecht oder Steuerrecht \u2013 werden die betreffenden personenbezogenen Daten f\u00fcr die Dauer der Aufbewahrungspflicht gespeichert. Nach Ablauf der Aufbewahrungspflicht wird gepr\u00fcft, ob eine weitere Erforderlichkeit f\u00fcr die Verarbeitung vorliegt. Liegt eine Erforderlichkeit nicht mehr vor, werden die Daten gel\u00f6scht.<\/p>\n<p>Grunds\u00e4tzlich nehmen wir gegen Ende eines Kalenderjahres eine Pr\u00fcfung von Daten im Hinblick auf das Erfordernis einer weiteren Verarbeitung vor. Aufgrund der Menge der Daten erfolgt diese Pr\u00fcfung im Hinblick auf spezifische Datenarten oder Zwecke einer Verarbeitung.<\/p>\n<p><strong>An welche Empf\u00e4nger werden die Daten weitergegeben?<\/strong><\/p>\n<p>Eine Weitergabe Ihrer personenbezogenen Daten an Dritte findet grunds\u00e4tzlich nur statt, wenn dies f\u00fcr die Durchf\u00fchrung des Vertrages mit Ihnen erforderlich ist, die Weitergabe auf Basis einer Interessenabw\u00e4gung i.S.d. Art. 6 Abs. 1 lit. f) DSGVO zul\u00e4ssig ist, wir rechtlich zu der Weitergabe verpflichtet sind oder Sie insoweit eine Einwilligung erteilt haben. Im \u00dcbrigen offenbaren oder \u00fcbermitteln wir Daten an die Finanzverwaltung, Berater, wie z.B., Steuerberater oder Wirtschaftspr\u00fcfer sowie weitere Geb\u00fchrenstellen und Zahlungsdienstleister.<\/p>\n<p>Im Zusammenhang mit Trinkwasseruntersuchungen, sind wir, bei Vorliegen bestimmter Befunde (Legionella spec.), gem. \u00a7\u00a7 53 Trinkwasserverordnung gesetzlich verpflichtet, folgende Daten an das zust\u00e4ndige Gesundheitsamt zu melden: (1) Name, Anschrift, Telefonnummer und E-Mail-Adresse der anzeigenden zugelassenen Untersuchungsstelle, (2) Name, Anschrift, Telefonnummer und E-Mail-Adresse des Betreibers der betroffenen Wasserversorgungsanlage und, sofern vorhanden, der in seinem Auftrag handelnden Person, (3) Stra\u00dfe, Hausnummer, Postleitzahl und Ort der Stelle der Probennahme, (4) Bezeichnung der Stelle der Probennahme, (5) Datum und Uhrzeit der Probennahme, (6) alle Ergebnisse der Untersuchungen auf den Parameter Legionella spec., die im Rahmen der systemischen Untersuchung nach \u00a7 31 durchgef\u00fchrt wurden, und (7) die Best\u00e4tigung, dass der Betreiber der betroffenen Wasserversorgungsanlage und, sofern vorhanden, die in seinem Auftrag handelnde Person \u00fcber das Erreichen des technischen Ma\u00dfnahmenwerts informiert wurde.<br \/>\n<strong><br \/>\nWo werden die Daten verarbeitet?<\/strong><\/p>\n<p>Ihre personenbezogenen Daten werden von uns ausschlie\u00dflich in Rechenzentren der Bundesrepublik Deutschland verarbeitet.<\/p>\n<p>Sofern wir Daten in einem Drittland (d.h. au\u00dferhalb der Europ\u00e4ischen Union (EU) oder des Europ\u00e4ischen Wirtschaftsraums (EWR)) verarbeiten oder dies im Rahmen der Inanspruchnahme von Diensten Dritter oder Offenlegung, bzw. \u00dcbermittlung von Daten an Dritte geschieht, erfolgt dies nur, wenn es zur Erf\u00fcllung unserer (vor)vertraglichen Pflichten, auf Grundlage Ihrer Einwilligung, aufgrund einer rechtlichen Verpflichtung oder auf Grundlage unserer berechtigten Interessen geschieht. Vorbehaltlich gesetzlicher oder vertraglicher Erlaubnisse, verarbeiten oder lassen wir die Daten in einem Drittland nur beim Vorliegen der besonderen Voraussetzungen der Art. 44 ff. DSGVO verarbeiten. D.h. die Verarbeitung erfolgt z.B. auf Grundlage besonderer Garantien, wie der offiziell anerkannten Feststellung eines der EU entsprechenden Datenschutzniveaus (z.B. f\u00fcr die USA durch das \u201eData Privacy Framework\u201c) oder Beachtung offiziell anerkannter spezieller vertraglicher Verpflichtungen (so genannte \u201eStandardvertragsklauseln\u201c).<\/p>\n<p><strong>Automatisierte Entscheidungsfindung einschlie\u00dflich Profiling gem\u00e4\u00df Art. 22 DSGVO<\/strong><\/p>\n<p>Wir verarbeiten Ihre personenbezogenen Daten nicht f\u00fcr automatisierte Entscheidungsfindungen, einschlie\u00dflich Profiling, gem\u00e4\u00df Art. 22 Abs\u00e4tze 1 und 4 DSGVO. Sofern diese eingesetzt werden, informieren wir aussagekr\u00e4ftig zur involvierten Logik sowie der Tragweite und den angestrebten Auswirkungen einer derartigen Verarbeitung f\u00fcr die betroffene Person.<\/p>\n<p><strong>Besteht eine Pflicht zur Bereitstellung Ihrer personenbezogenen Daten?<\/strong><\/p>\n<p>Es besteht keine gesetzliche Pflicht, uns Ihre personenbezogenen Daten bereitzustellen.<\/p>\n<p>Die Bereitstellung Ihrer Daten im Rahmen einer Kontaktaufnahme mit uns \u00fcber unser Kontaktformular oder die Kontaktaufnahme mit einem unserer Ansprechpartner erfolgt freiwillig. Ohne die erforderlichen Angaben, insbesondere einer Kontaktm\u00f6glichkeit ist es uns jedoch nicht m\u00f6glich, Ihr Anliegen zu bearbeiten.<\/p>\n<p>Mit Ausnahme von Angaben nach der Trinkwasserverordnung (z.B. bei Untersuchungen nach \u00a7\u00a031 Trinkwasserverordnung) besteht uns gegen\u00fcber grunds\u00e4tzlich keine Pflicht, uns Ihre personenbezogenen Daten im Rahmen der Kundenbeziehung bereitzustellen. Allerdings kann die Nichtbereitstellung personenbezogener Daten in diesen F\u00e4llen dazu f\u00fchren, dass wir einen Vertrag nicht abschlie\u00dfen oder eine Leistung nicht erbringen k\u00f6nnen.<\/p>\n<p><strong>Ihre Rechte als \u201eBetroffene\u201c<\/strong><\/p>\n<p>Sie haben das Recht auf Auskunft \u00fcber die von uns zu Ihrer Person verarbeiteten personenbezogenen Daten.<\/p>\n<p>Bei einer Auskunftsanfrage, die nicht schriftlich erfolgt, bitten wir um Verst\u00e4ndnis daf\u00fcr, dass wir dann ggf. Nachweise von Ihnen verlangen, die belegen, dass Sie die Person sind, f\u00fcr die Sie sich ausgeben.<\/p>\n<p>Ferner haben Sie ein Recht auf Berichtigung oder L\u00f6schung oder auf Einschr\u00e4nkung der Verarbeitung, soweit Ihnen dies gesetzlich zusteht.<\/p>\n<p>Ferner haben Sie ein Widerspruchsrecht gegen die Verarbeitung im Rahmen der gesetzlichen Vorgaben. Gleiches gilt f\u00fcr ein Recht auf Daten\u00fcbertragbarkeit.<\/p>\n<p><strong>Widerspruch<\/strong><\/p>\n<p>Wenn wir Daten auf Basis einer Interessenabw\u00e4gung verarbeiten, haben Sie als Betroffene\/r das Recht, unter Ber\u00fccksichtigung der Vorgaben von Art. 21 DSGVO der Verarbeitung der personenbezogenen Daten zu widersprechen.<\/p>\n<p><strong>Widerruf Ihrer Einwilligung zur Datenverarbeitung<\/strong><\/p>\n<p>Sofern wir Ihre personenbezogenen Daten mit Ihrer ausdr\u00fccklichen Einwilligung verarbeiten, k\u00f6nnen Sie eine bereits erteilte Einwilligung jederzeit, z.B: per Email an info@hyg.de widerrufen. Die Rechtm\u00e4\u00dfigkeit der bis zum Widerruf erfolgten Datenverarbeitung bleibt vom Widerruf unber\u00fchrt.<\/p>\n<p><strong>Beschwerderecht<\/strong><\/p>\n<p>Sie haben das Recht, sich \u00fcber die Verarbeitung personenbezogenen Daten durch uns bei einer Aufsichtsbeh\u00f6rde f\u00fcr den Datenschutz zu beschweren.<\/p>\n<p>Stand: 04.11.2025<\/p>\n<\/div>","protected":false},"excerpt":{"rendered":"<p>Um unsere Informationspflichten nach den Art. 12 ff. der Datenschutz-Grundverordnung (DSGVO) zu erf\u00fcllen, stellen wir Ihnen nachfolgend gerne unsere Informationen zum Datenschutz dar: Wer ist f\u00fcr die Datenverarbeitung verantwortlich? Hygiene-Institut des Ruhrgebiets Institut f\u00fcr Umwelthygiene und Toxikologie Rotthauser Str. 21 45879 Gelsenkirchen Telefon: 0209 9242-0 Telefax: 0209 9242-105 E-Mail: datenschutz(at)hyg.de Tr\u00e4ger des Instituts Verein zur &#8230; <a title=\"Privacy Policy for Business Partners and Clients\" class=\"read-more\" href=\"https:\/\/hyg.de\/en\/kundendatenschutz\/\" aria-label=\"Read more about Datenschutzhinweise f\u00fcr Gesch\u00e4ftspartner und Kunden\">Read more<\/a><\/p>","protected":false},"author":1,"featured_media":0,"parent":0,"menu_order":0,"comment_status":"closed","ping_status":"closed","template":"","meta":{"footnotes":""},"class_list":["post-7566","page","type-page","status-publish"],"_links":{"self":[{"href":"https:\/\/hyg.de\/en\/wp-json\/wp\/v2\/pages\/7566","targetHints":{"allow":["GET"]}}],"collection":[{"href":"https:\/\/hyg.de\/en\/wp-json\/wp\/v2\/pages"}],"about":[{"href":"https:\/\/hyg.de\/en\/wp-json\/wp\/v2\/types\/page"}],"author":[{"embeddable":true,"href":"https:\/\/hyg.de\/en\/wp-json\/wp\/v2\/users\/1"}],"replies":[{"embeddable":true,"href":"https:\/\/hyg.de\/en\/wp-json\/wp\/v2\/comments?post=7566"}],"version-history":[{"count":4,"href":"https:\/\/hyg.de\/en\/wp-json\/wp\/v2\/pages\/7566\/revisions"}],"predecessor-version":[{"id":9355,"href":"https:\/\/hyg.de\/en\/wp-json\/wp\/v2\/pages\/7566\/revisions\/9355"}],"wp:attachment":[{"href":"https:\/\/hyg.de\/en\/wp-json\/wp\/v2\/media?parent=7566"}],"curies":[{"name":"wp","href":"https:\/\/api.w.org\/{rel}","templated":true}]}}